{"id":999,"date":"2021-06-11T01:38:08","date_gmt":"2021-06-10T22:38:08","guid":{"rendered":"https:\/\/bitcoingazete.com\/?page_id=999"},"modified":"2021-07-23T15:22:57","modified_gmt":"2021-07-23T12:22:57","slug":"gizlilik-politikasi","status":"publish","type":"page","link":"https:\/\/bitcoingazete.com\/en\/gizlilik-politikasi\/","title":{"rendered":"Gizlilik Politikas\u0131"},"content":{"rendered":"<p id=\"tw-target-text\">\u00a9 Copyright 2017 <a href=\"https:\/\/bitcoingazete.com\/en\/\" data-type=\"URL\" data-id=\"https:\/\/www.bitcoingazete.com\/\" rel=\"nofollow\">www.bitcoingazete.com<\/a> t\u00fcm haklar\u0131 sakl\u0131d\u0131r. Kod, haber, resim, r\u00f6portaj gibi her t\u00fcrl\u00fc i\u00e7eri\u011finin t\u00fcm telif haklar\u0131 <a href=\"https:\/\/bitcoingazete.com\/en\/\" data-type=\"URL\" data-id=\"https:\/\/www.bitcoingazete.com\/\" rel=\"nofollow\">www.bitcoingazete.com<\/a> \u2019a aittir. <a href=\"https:\/\/bitcoingazete.com\/en\/\" data-type=\"URL\" data-id=\"https:\/\/www.bitcoingazete.com\/\" rel=\"nofollow\">www.bitcoingazete.com<\/a> sitesinde yer alan b\u00fct\u00fcn yaz\u0131lar, materyaller, resimler, ses dosyalar\u0131, animasyonlar, videolar, dizayn, tasar\u0131m ve d\u00fczenlemelerin telif haklar\u0131 5846 say\u0131l\u0131 yasa kapsam\u0131nda korunmaktad\u0131r. Bunlar <a href=\"https:\/\/bitcoingazete.com\/en\/\" data-type=\"URL\" data-id=\"https:\/\/www.bitcoingazete.com\/\" rel=\"nofollow\">www.bitcoingazete.com<\/a> \u2019un yaz\u0131l\u0131 izni olmaks\u0131z\u0131n ticari olarak herhangi bir \u015fekilde kopyalanamaz, da\u011f\u0131t\u0131lamaz, de\u011fi\u015ftirilemez, yay\u0131nlanamaz. <a href=\"https:\/\/bitcoingazete.com\/en\/\" data-type=\"URL\" data-id=\"https:\/\/www.bitcoingazete.com\/\" rel=\"nofollow\">www.bitcoingazete.com<\/a> \u2019daki harici linkler ayr\u0131 bir sayfada a\u00e7\u0131l\u0131r. Yay\u0131nlanan yaz\u0131 ve yorumlardan yazarlar\u0131 sorumludur. www.bitcoingazete.com hi\u00e7bir bildirim yapmadan, herhangi bir zamanda de\u011fi\u015fikli\u011fe gidebilir. Bu sitedeki bilgilerden kaynakl\u0131 hatalar\u0131n hi\u00e7birinden sorumlu de\u011fildir.<\/p>\n\n\n\n<p id=\"tw-target-text\"> \u00a9 Copyright 2016 www.bitcoingazete.com t\u00fcm haklar\u0131 sakl\u0131d\u0131r. Etkinlikler, haber, resim, anketler, quizler, video ve r\u00f6portaj gibi her t\u00fcrl\u00fc i\u00e7eri\u011fin t\u00fcm telif haklar\u0131 <a href=\"https:\/\/bitcoingazete.com\/en\/\" data-type=\"URL\" data-id=\"https:\/\/www.bitcoingazete.com\/\" rel=\"nofollow\">www.bitcoingazete.com<\/a> \u2019a aittir. <a href=\"https:\/\/bitcoingazete.com\/en\/\" data-type=\"URL\" data-id=\"https:\/\/www.bitcoingazete.com\/\" rel=\"nofollow\">www.bitcoingazete.com<\/a> sitesindeki harici linkler ayr\u0131 bir sayfada a\u00e7\u0131l\u0131r. Yay\u0131nlanan yaz\u0131 ve yorumlardan yazarlar\u0131 sorumludur. <a href=\"https:\/\/bitcoingazete.com\/en\/\" data-type=\"URL\" data-id=\"https:\/\/www.bitcoingazete.com\/\" rel=\"nofollow\">www.bitcoingazete.com<\/a> hi\u00e7bir bildirim yapmadan, herhangi bir zaman de\u011fi\u015fikli\u011fe gidebilir. Bu sitedeki bilgilerden kaynakl\u0131 hatalar\u0131n hi\u00e7birinden sorumlu de\u011fildir. Kullan\u0131c\u0131, <a href=\"https:\/\/bitcoingazete.com\/en\/\" data-type=\"URL\" data-id=\"https:\/\/www.bitcoingazete.com\/\" rel=\"nofollow\">www.bitcoingazete.com<\/a> \u2019da yer alan fiyat analizleri, kripto para ve di\u011fer tan\u0131t\u0131m\u0131 yap\u0131lan \u00fcr\u00fcnlerle ilgili karar\u0131n\u0131 sitedeki i\u00e7eriklerden ba\u011f\u0131ms\u0131z olarak verdi\u011fini ve ilgili kripto para ve\/veya \u00fcr\u00fcne ili\u015fkin <a href=\"https:\/\/bitcoingazete.com\/en\/\" data-type=\"URL\" data-id=\"https:\/\/www.bitcoingazete.com\/\" rel=\"nofollow\">www.bitcoingazete.com<\/a> \u2019un maddi ve\/veya manevi sorumlulu\u011fu olmad\u0131\u011f\u0131n\u0131 kabul, beyan ve taahh\u00fct eder. Kullan\u0131c\u0131, hi\u00e7bir \u015fekilde <a href=\"https:\/\/bitcoingazete.com\/en\/\" data-type=\"URL\" data-id=\"https:\/\/www.bitcoingazete.com\/\" rel=\"nofollow\">www.bitcoingazete.com<\/a> \u2019da yer alan bilgilere istinaden zarara u\u011frad\u0131\u011f\u0131 iddias\u0131nda bulunamaz.<\/p>","protected":false},"excerpt":{"rendered":"<p>\u00a9 Copyright 2017 www.bitcoingazete.com t\u00fcm haklar\u0131 sakl\u0131d\u0131r. Kod, haber, resim, r\u00f6portaj gibi her t\u00fcrl\u00fc i\u00e7eri\u011finin t\u00fcm telif haklar\u0131 www.bitcoingazete.com \u2019a&#46;&#46;&#46;<\/p>","protected":false},"author":1,"featured_media":0,"parent":0,"menu_order":0,"comment_status":"closed","ping_status":"closed","template":"","meta":{"nf_dc_page":"","_monsterinsights_skip_tracking":false,"_monsterinsights_sitenote_active":false,"_monsterinsights_sitenote_note":"","_monsterinsights_sitenote_category":0,"footnotes":""},"class_list":["post-999","page","type-page","status-publish","hentry"],"yoast_head":"<!-- This site is optimized with the Yoast SEO plugin v27.5 - https:\/\/yoast.com\/product\/yoast-seo-wordpress\/ -->\n<title>Gizlilik Politikas\u0131 - bitcoingazete<\/title>\n<meta name=\"description\" content=\"Gizlilik Politikas\u0131 %\u00a9 Copyright 2017 www.bitcoingazete.com t\u00fcm haklar\u0131 sakl\u0131d\u0131r % www.bitcoingazete.com\" \/>\n<meta name=\"robots\" content=\"index, follow, max-snippet:-1, max-image-preview:large, max-video-preview:-1\" \/>\n<link rel=\"canonical\" href=\"https:\/\/bitcoingazete.com\/en\/gizlilik-politikasi\/\" \/>\n<meta property=\"og:locale\" content=\"en_GB\" \/>\n<meta property=\"og:type\" content=\"article\" \/>\n<meta property=\"og:title\" content=\"Gizlilik Politikas\u0131 - bitcoingazete\" \/>\n<meta property=\"og:description\" content=\"Gizlilik Politikas\u0131 %\u00a9 Copyright 2017 www.bitcoingazete.com t\u00fcm haklar\u0131 sakl\u0131d\u0131r % www.bitcoingazete.com\" \/>\n<meta property=\"og:url\" content=\"https:\/\/bitcoingazete.com\/en\/gizlilik-politikasi\/\" \/>\n<meta property=\"og:site_name\" content=\"bitcoingazete\" \/>\n<meta property=\"article:modified_time\" content=\"2021-07-23T12:22:57+00:00\" \/>\n<meta name=\"twitter:card\" content=\"summary_large_image\" \/>\n<meta name=\"twitter:site\" content=\"@admin\" \/>\n<meta name=\"twitter:label1\" content=\"Estimated reading time\" \/>\n\t<meta name=\"twitter:data1\" content=\"1 minute\" \/>\n<script type=\"application\/ld+json\" class=\"yoast-schema-graph\">{\"@context\":\"https:\\\/\\\/schema.org\",\"@graph\":[{\"@type\":\"WebPage\",\"@id\":\"https:\\\/\\\/bitcoingazete.com\\\/gizlilik-politikasi\\\/\",\"url\":\"https:\\\/\\\/bitcoingazete.com\\\/gizlilik-politikasi\\\/\",\"name\":\"Gizlilik Politikas\u0131 - bitcoingazete\",\"isPartOf\":{\"@id\":\"https:\\\/\\\/bitcoingazete.com\\\/#website\"},\"datePublished\":\"2021-06-10T22:38:08+00:00\",\"dateModified\":\"2021-07-23T12:22:57+00:00\",\"description\":\"Gizlilik Politikas\u0131 %\u00a9 Copyright 2017 www.bitcoingazete.com t\u00fcm haklar\u0131 sakl\u0131d\u0131r % www.bitcoingazete.com\",\"breadcrumb\":{\"@id\":\"https:\\\/\\\/bitcoingazete.com\\\/gizlilik-politikasi\\\/#breadcrumb\"},\"inLanguage\":\"en-GB\",\"potentialAction\":[{\"@type\":\"ReadAction\",\"target\":[\"https:\\\/\\\/bitcoingazete.com\\\/gizlilik-politikasi\\\/\"]}]},{\"@type\":\"BreadcrumbList\",\"@id\":\"https:\\\/\\\/bitcoingazete.com\\\/gizlilik-politikasi\\\/#breadcrumb\",\"itemListElement\":[{\"@type\":\"ListItem\",\"position\":1,\"name\":\"Home\",\"item\":\"https:\\\/\\\/bitcoingazete.com\\\/\"},{\"@type\":\"ListItem\",\"position\":2,\"name\":\"Gizlilik Politikas\u0131\"}]},{\"@type\":\"WebSite\",\"@id\":\"https:\\\/\\\/bitcoingazete.com\\\/#website\",\"url\":\"https:\\\/\\\/bitcoingazete.com\\\/\",\"name\":\"bitcoingazete\",\"description\":\"bitcoingazete\",\"publisher\":{\"@id\":\"https:\\\/\\\/bitcoingazete.com\\\/#\\\/schema\\\/person\\\/c0a424e64fb9018954d8deb9db9353a3\"},\"potentialAction\":[{\"@type\":\"SearchAction\",\"target\":{\"@type\":\"EntryPoint\",\"urlTemplate\":\"https:\\\/\\\/bitcoingazete.com\\\/?s={search_term_string}\"},\"query-input\":{\"@type\":\"PropertyValueSpecification\",\"valueRequired\":true,\"valueName\":\"search_term_string\"}}],\"inLanguage\":\"en-GB\"},{\"@type\":[\"Person\",\"Organization\"],\"@id\":\"https:\\\/\\\/bitcoingazete.com\\\/#\\\/schema\\\/person\\\/c0a424e64fb9018954d8deb9db9353a3\",\"name\":\"Bitcoingazete\",\"image\":{\"@type\":\"ImageObject\",\"inLanguage\":\"en-GB\",\"@id\":\"https:\\\/\\\/secure.gravatar.com\\\/avatar\\\/45aa7db6007ede6bc0bc4c5af22a8653a35099f44bd51060a992214d2cfeff92?s=96&d=mm&r=g\",\"url\":\"https:\\\/\\\/secure.gravatar.com\\\/avatar\\\/45aa7db6007ede6bc0bc4c5af22a8653a35099f44bd51060a992214d2cfeff92?s=96&d=mm&r=g\",\"contentUrl\":\"https:\\\/\\\/secure.gravatar.com\\\/avatar\\\/45aa7db6007ede6bc0bc4c5af22a8653a35099f44bd51060a992214d2cfeff92?s=96&d=mm&r=g\",\"caption\":\"Bitcoingazete\"},\"logo\":{\"@id\":\"https:\\\/\\\/secure.gravatar.com\\\/avatar\\\/45aa7db6007ede6bc0bc4c5af22a8653a35099f44bd51060a992214d2cfeff92?s=96&d=mm&r=g\"},\"description\":\"BITCOIN &amp; BLOCKCHAIN Sekt\u00f6r\u00fcnde 2015 y\u0131l\u0131 itibari ile uzman kadrosu ile hizmet vermekteyiz. Amac\u0131m\u0131z do\u011fru ve g\u00fcncel BITCOIN Haberlerini g\u00fcnl\u00fck iletmektir.\",\"sameAs\":[\"https:\\\/\\\/x.com\\\/admin\"]}]}<\/script>\n<!-- \/ Yoast SEO plugin. -->","yoast_head_json":{"title":"Gizlilik Politikas\u0131 - bitcoingazete","description":"Gizlilik Politikas\u0131 %\u00a9 Copyright 2017 www.bitcoingazete.com t\u00fcm haklar\u0131 sakl\u0131d\u0131r % www.bitcoingazete.com","robots":{"index":"index","follow":"follow","max-snippet":"max-snippet:-1","max-image-preview":"max-image-preview:large","max-video-preview":"max-video-preview:-1"},"canonical":"https:\/\/bitcoingazete.com\/en\/gizlilik-politikasi\/","og_locale":"en_GB","og_type":"article","og_title":"Gizlilik Politikas\u0131 - bitcoingazete","og_description":"Gizlilik Politikas\u0131 %\u00a9 Copyright 2017 www.bitcoingazete.com t\u00fcm haklar\u0131 sakl\u0131d\u0131r % www.bitcoingazete.com","og_url":"https:\/\/bitcoingazete.com\/en\/gizlilik-politikasi\/","og_site_name":"bitcoingazete","article_modified_time":"2021-07-23T12:22:57+00:00","twitter_card":"summary_large_image","twitter_site":"@admin","twitter_misc":{"Estimated reading time":"1 minute"},"schema":{"@context":"https:\/\/schema.org","@graph":[{"@type":"WebPage","@id":"https:\/\/bitcoingazete.com\/gizlilik-politikasi\/","url":"https:\/\/bitcoingazete.com\/gizlilik-politikasi\/","name":"Gizlilik Politikas\u0131 - bitcoingazete","isPartOf":{"@id":"https:\/\/bitcoingazete.com\/#website"},"datePublished":"2021-06-10T22:38:08+00:00","dateModified":"2021-07-23T12:22:57+00:00","description":"Gizlilik Politikas\u0131 %\u00a9 Copyright 2017 www.bitcoingazete.com t\u00fcm haklar\u0131 sakl\u0131d\u0131r % www.bitcoingazete.com","breadcrumb":{"@id":"https:\/\/bitcoingazete.com\/gizlilik-politikasi\/#breadcrumb"},"inLanguage":"en-GB","potentialAction":[{"@type":"ReadAction","target":["https:\/\/bitcoingazete.com\/gizlilik-politikasi\/"]}]},{"@type":"BreadcrumbList","@id":"https:\/\/bitcoingazete.com\/gizlilik-politikasi\/#breadcrumb","itemListElement":[{"@type":"ListItem","position":1,"name":"Home","item":"https:\/\/bitcoingazete.com\/"},{"@type":"ListItem","position":2,"name":"Gizlilik Politikas\u0131"}]},{"@type":"WebSite","@id":"https:\/\/bitcoingazete.com\/#website","url":"https:\/\/bitcoingazete.com\/","name":"bitcoingazete","description":"bitcoingazete","publisher":{"@id":"https:\/\/bitcoingazete.com\/#\/schema\/person\/c0a424e64fb9018954d8deb9db9353a3"},"potentialAction":[{"@type":"SearchAction","target":{"@type":"EntryPoint","urlTemplate":"https:\/\/bitcoingazete.com\/?s={search_term_string}"},"query-input":{"@type":"PropertyValueSpecification","valueRequired":true,"valueName":"search_term_string"}}],"inLanguage":"en-GB"},{"@type":["Person","Organization"],"@id":"https:\/\/bitcoingazete.com\/#\/schema\/person\/c0a424e64fb9018954d8deb9db9353a3","name":"Bitcoingazete","image":{"@type":"ImageObject","inLanguage":"en-GB","@id":"https:\/\/secure.gravatar.com\/avatar\/45aa7db6007ede6bc0bc4c5af22a8653a35099f44bd51060a992214d2cfeff92?s=96&d=mm&r=g","url":"https:\/\/secure.gravatar.com\/avatar\/45aa7db6007ede6bc0bc4c5af22a8653a35099f44bd51060a992214d2cfeff92?s=96&d=mm&r=g","contentUrl":"https:\/\/secure.gravatar.com\/avatar\/45aa7db6007ede6bc0bc4c5af22a8653a35099f44bd51060a992214d2cfeff92?s=96&d=mm&r=g","caption":"Bitcoingazete"},"logo":{"@id":"https:\/\/secure.gravatar.com\/avatar\/45aa7db6007ede6bc0bc4c5af22a8653a35099f44bd51060a992214d2cfeff92?s=96&d=mm&r=g"},"description":"BITCOIN &amp; BLOCKCHAIN Sekt\u00f6r\u00fcnde 2015 y\u0131l\u0131 itibari ile uzman kadrosu ile hizmet vermekteyiz. Amac\u0131m\u0131z do\u011fru ve g\u00fcncel BITCOIN Haberlerini g\u00fcnl\u00fck iletmektir.","sameAs":["https:\/\/x.com\/admin"]}]}},"jetpack_sharing_enabled":true,"amp_enabled":true,"_links":{"self":[{"href":"https:\/\/bitcoingazete.com\/en\/wp-json\/wp\/v2\/pages\/999","targetHints":{"allow":["GET"]}}],"collection":[{"href":"https:\/\/bitcoingazete.com\/en\/wp-json\/wp\/v2\/pages"}],"about":[{"href":"https:\/\/bitcoingazete.com\/en\/wp-json\/wp\/v2\/types\/page"}],"author":[{"embeddable":true,"href":"https:\/\/bitcoingazete.com\/en\/wp-json\/wp\/v2\/users\/1"}],"replies":[{"embeddable":true,"href":"https:\/\/bitcoingazete.com\/en\/wp-json\/wp\/v2\/comments?post=999"}],"version-history":[{"count":1,"href":"https:\/\/bitcoingazete.com\/en\/wp-json\/wp\/v2\/pages\/999\/revisions"}],"predecessor-version":[{"id":1000,"href":"https:\/\/bitcoingazete.com\/en\/wp-json\/wp\/v2\/pages\/999\/revisions\/1000"}],"wp:attachment":[{"href":"https:\/\/bitcoingazete.com\/en\/wp-json\/wp\/v2\/media?parent=999"}],"curies":[{"name":"wp","href":"https:\/\/api.w.org\/{rel}","templated":true}]}}