{"id":997,"date":"2021-06-11T01:31:44","date_gmt":"2021-06-10T22:31:44","guid":{"rendered":"https:\/\/bitcoingazete.com\/?page_id=997"},"modified":"2021-07-23T15:29:44","modified_gmt":"2021-07-23T12:29:44","slug":"gizlilik-sozlesmesi","status":"publish","type":"page","link":"https:\/\/bitcoingazete.com\/en\/gizlilik-sozlesmesi\/","title":{"rendered":"Gizlilik S\u00f6zle\u015fmesi"},"content":{"rendered":"<p><strong>Say\u0131n Kullan\u0131c\u0131,<\/strong><br><a href=\"https:\/\/bitcoingazete.com\/en\/\" rel=\"nofollow\">www.bitcoingazete.com<\/a> Web Site\u2019sine ho\u015f geldiniz,<br>A\u015fa\u011f\u0131daki \u201cGizlilik S\u00f6zle\u015fmesi\u201d, <a href=\"https:\/\/bitcoingazete.com\/en\/\" rel=\"nofollow\">www.bitcoingazete.com<\/a> \u2018un siz de\u011ferli kullan\u0131c\u0131lar\u0131m\u0131za<br>sa\u011flad\u0131\u011f\u0131 bilgi ve hizmetlerin sunumuna ili\u015fkin h\u00fck\u00fcmleri d\u00fczenlemektedir.<br><a href=\"https:\/\/bitcoingazete.com\/en\/\" data-type=\"URL\" data-id=\"https:\/\/www.bitcoingazete.com\" rel=\"nofollow\">www.bitcoingazete.com<\/a> Web sitesine giren ya da sitedeki formlar\u0131 dolduran her kullan\u0131c\u0131<br>\u201cTelif Hakk\u0131 Bilgisi\u201d, \u201cGizlilik S\u00f6zle\u015fmesi\u201d ve \u201cKullan\u0131m \u015eartlar\u0131\u201dnda yer alan h\u00fck\u00fcmleri<br>okumu\u015f ve kabul etmi\u015f say\u0131lacakt\u0131r.<\/p>\n\n\n\n<p><a href=\"https:\/\/bitcoingazete.com\/en\/\" data-type=\"URL\" data-id=\"https:\/\/www.bitcoingazete.com\" rel=\"nofollow\">www.bitcoingazete.com<\/a> Web Sitesini ziyaret eden kay\u0131tl\u0131 ve misafir kullan\u0131c\u0131lardan toplad\u0131\u011f\u0131<br>bilgileri her t\u00fcrl\u00fc analiz yapmak amac\u0131yla kullanabilir. www.bitcoingazete.com bu bilgileri i\u015f<br>ortaklar\u0131 ile payla\u015fabilir. Ancak e-posta ve di\u011fer ki\u015fisel bilgiler, hi\u00e7bir i\u015f orta\u011f\u0131, \u015firket, kurum<br>ya da ba\u015fka bir kurulu\u015fla kullan\u0131c\u0131n\u0131n izni olmaks\u0131z\u0131n payla\u015f\u0131lmayacakt\u0131r.<br><a href=\"https:\/\/bitcoingazete.com\/en\/\" data-type=\"URL\" data-id=\"https:\/\/www.bitcoingazete.com\" rel=\"nofollow\">www.bitcoingazete.com<\/a> kay\u0131tl\u0131 ve misafir kullan\u0131c\u0131lar\u0131na ait e-posta, ad\u0131, soyad\u0131, telefon<br>numaras\u0131 ve kay\u0131t s\u0131ras\u0131nda girilen hi\u00e7bir bilgiyi Web Sitesinde asla yay\u0131nlamaz ve kullan\u0131c\u0131<br>aksini belirtmediyse hi\u00e7bir i\u015f orta\u011f\u0131, \u015firket, kurum ya da di\u011fer kurulu\u015fla payla\u015fmaz.<br><a href=\"https:\/\/bitcoingazete.com\/en\/\" data-type=\"URL\" data-id=\"https:\/\/www.bitcoingazete.com\" rel=\"nofollow\">www.bitcoingazete.com<\/a> ki\u015fisel bilgilerinizi sadece a\u015fa\u011f\u0131da belirtilen yasal durumlarda ve<br>yasal prosed\u00fcrler \u00e7er\u00e7evesinde 3. \u015fah\u0131slara a\u00e7ar:<br>a.) Yasal mercilerden bu y\u00f6nde yaz\u0131l\u0131 bir talep olu\u015fmas\u0131 halinde,<br>b.) www.bitcoingazete.com \u2019 un m\u00fclkiyet haklar\u0131n\u0131 korumak ve savunmak amac\u0131yla<br>c.) Kullan\u0131m \u015fartlar\u0131nda kabul etti\u011finiz kurallar \u00e7er\u00e7evesinde<br><a href=\"https:\/\/bitcoingazete.com\/en\/\" data-type=\"URL\" data-id=\"https:\/\/www.bitcoingazete.com\" rel=\"nofollow\">www.bitcoingazete.com<\/a> \u2018 da kay\u0131tl\u0131 ki\u015fisel bilgileriniz sadece sizin taraf\u0131n\u0131zdan<br>g\u00f6r\u00fcnt\u00fclenebilir. Bu bilgiler hi\u00e7bir \u015fekilde sat\u0131lmaz, kiralanmaz ya da ba\u015fka bir kurum ya da<br>kurulu\u015f ile kar\u015f\u0131l\u0131kl\u0131 de\u011fi\u015ftirilmez. Bu \u201cGizlilik S\u00f6zle\u015fmesi\u201d metninde yer alan maddeler<br>haricinde hi\u00e7bir \u015fekilde 3. \u015fah\u0131slarla payla\u015f\u0131lmaz. www.bitcoingazete.com bu s\u00f6zle\u015fmede<br>taahh\u00fct etti\u011fi \u015fartlar\u0131 yerine getirmek i\u00e7in m\u00fcmk\u00fcn olan t\u00fcm \u00f6nlemleri al\u0131r.<br>www.bitcoingazete.com taraf\u0131ndan toplanan bilgiler genel kullan\u0131ma a\u00e7\u0131k olmayan g\u00fcvenli<br>bir ortamda saklan\u0131r. <a href=\"https:\/\/bitcoingazete.com\/en\/\" data-type=\"URL\" data-id=\"https:\/\/www.bitcoingazete.com\" rel=\"nofollow\">www.bitcoingazete.com<\/a>, ortamdaki bilgileri korumak i\u00e7in her t\u00fcrl\u00fc<br>end\u00fcstri standard\u0131n\u0131 kullanmaktad\u0131r.<br>Kay\u0131t s\u0131ras\u0131nda girdi\u011finiz ki\u015fisel bilgilerinizi istedi\u011finiz her zaman g\u00fcncelleme ve de\u011fi\u015ftirme<br>hakk\u0131n\u0131z bulunmaktad\u0131r. <a href=\"https:\/\/bitcoingazete.com\/en\/\" data-type=\"URL\" data-id=\"https:\/\/www.bitcoingazete.com\/\" rel=\"nofollow\">www.bitcoingazete.com<\/a> bu \u201cGizlilik S\u00f6zle\u015fmesi\u201d ve \u201cHizmet<br>S\u00f6zle\u015fmesi\u201dne uymad\u0131\u011f\u0131n\u0131z takdirde hesab\u0131n\u0131z\u0131 silmeye ya da ask\u0131ya almaya yetkilidir.\u0130nternetin yap\u0131s\u0131 gere\u011fi bilgiler internet \u00fczerinde yeterli g\u00fcvenlik \u00f6nlemleri olmaks\u0131z\u0131n<br>dola\u015fabilir ve yetkili olmayan ki\u015filer taraf\u0131ndan al\u0131n\u0131p kullan\u0131labilir. Bu kullan\u0131m ve<br>kullan\u0131mdan do\u011facak zarar <a href=\"https:\/\/bitcoingazete.com\/en\/\" data-type=\"URL\" data-id=\"https:\/\/www.bitcoingazete.com\/\" rel=\"nofollow\">www.bitcoingazete.com<\/a> \u2019 un sorumlulu\u011funda de\u011fildir.<br>Baz\u0131 durumlarda, \u015fahs\u0131n\u0131za \u00f6zel olmayan bilgiler toplanabilir. Bu durumlar kulland\u0131\u011f\u0131n\u0131z<br>internet browser\u2019 \u0131n\u0131n t\u00fcr\u00fc, i\u015fletim sisteminiz ve sitemize linkle ya da ilanla ula\u015ft\u0131\u011f\u0131n\u0131z sitenin<br>domain\u2019 ba\u011fl\u0131 olarak de\u011fi\u015febilir.<br>Sitemizi ziyaret etti\u011finizde bilgisayar\u0131n\u0131za bilgi y\u00fcklenebilir. Bu bilgi; bilgi belirteci (\u201ccookie\u201d)<br>format\u0131nda ya da benzeri t\u00fcrden bir dosyada bi\u00e7iminde olup bize birka\u00e7 y\u00f6nden yard\u0131mc\u0131<br>olacakt\u0131r. \u00d6rne\u011fin, cookie\u2019ler, siteleri ve reklamlar\u0131 sizin ilgi alanlar\u0131n\u0131za ve tercihlerinize g\u00f6re<br>d\u00fczenlememizi sa\u011flayacakt\u0131r. Hemen hemen t\u00fcm internet browser\u2019lar\u0131nda, cookie\u2019leri hard<br>diskinizden silmek, yaz\u0131lmas\u0131n\u0131 \u00f6nlemek ya da kaydedilmeden \u00f6nce uyar\u0131 mesaj\u0131 almak i\u00e7in<br>se\u00e7enekler vard\u0131r. Bu konuda daha fazla bilgi edinmek i\u00e7in l\u00fctfen browser\u2019\u0131n\u0131z\u0131n yard\u0131m<br>dosyalar\u0131na ve kullan\u0131m bilgilerine bak\u0131n\u0131z.<br>IP adresiniz, Web Sitesinin ve serverlar\u0131m\u0131z\u0131n s\u00fcrekli \u00e7al\u0131\u015f\u0131r halde bulundurulmas\u0131,<br>y\u00f6netilmesi ve sorunlar\u0131n \u00e7\u00f6z\u00fclmesi amac\u0131yla kullan\u0131lmaktad\u0131r. Size ait IP adresi sizin<br>tan\u0131mlanman\u0131zda kullan\u0131lmaktad\u0131r.<br>Bu Web Sitesi di\u011fer web sitelerine link vermektedir. Gizlilik G\u00fcvencesi sadece bu Web Sitesi<br>i\u00e7erisinde ge\u00e7erlidir ve di\u011fer web sitelerini kapsamamaktad\u0131r. Bu web sitesinden link ile<br>gidilecek di\u011fer web sitelerindeki kullan\u0131m ile ilgili o sitelere ait Gizlilik G\u00fcvencesi ve Kullan\u0131m<br>\u015eartlar\u0131 ge\u00e7erlidir. Bu Web Sitesinden linkle gitti\u011finiz di\u011fer web sitelerinde o sitelere ait<br>Gizlilik G\u00fcvencesi ve Kullan\u0131m \u015eartlar\u0131 metinlerini bularak okuman\u0131z \u00f6nerilir.<br><a href=\"https:\/\/bitcoingazete.com\/en\/\" data-type=\"URL\" data-id=\"https:\/\/www.bitcoingazete.com\/\" rel=\"nofollow\">wwww.bitcoingazete.com<\/a> bu metin i\u00e7indeki her t\u00fcrl\u00fc bilgiyi de\u011fi\u015ftirme hakk\u0131n\u0131 sakl\u0131 tutar. Bu<br>siteyi kullanarak bu \u201cGizlilik G\u00fcvencesi\u201d nde yap\u0131lacak her t\u00fcrl\u00fc d\u00fczenleme ve de\u011fi\u015fikli\u011fi<br>kabul etmi\u015f say\u0131l\u0131rs\u0131n\u0131z.<\/p>","protected":false},"excerpt":{"rendered":"<p>Say\u0131n Kullan\u0131c\u0131,www.bitcoingazete.com Web Site\u2019sine ho\u015f geldiniz,A\u015fa\u011f\u0131daki \u201cGizlilik S\u00f6zle\u015fmesi\u201d, www.bitcoingazete.com \u2018un siz de\u011ferli kullan\u0131c\u0131lar\u0131m\u0131zasa\u011flad\u0131\u011f\u0131 bilgi ve hizmetlerin sunumuna ili\u015fkin h\u00fck\u00fcmleri d\u00fczenlemektedir.www.bitcoingazete.com&#46;&#46;&#46;<\/p>","protected":false},"author":1,"featured_media":0,"parent":0,"menu_order":0,"comment_status":"closed","ping_status":"closed","template":"","meta":{"nf_dc_page":"","_monsterinsights_skip_tracking":false,"_monsterinsights_sitenote_active":false,"_monsterinsights_sitenote_note":"","_monsterinsights_sitenote_category":0,"footnotes":""},"class_list":["post-997","page","type-page","status-publish","hentry"],"yoast_head":"<!-- This site is optimized with the Yoast SEO plugin v27.5 - https:\/\/yoast.com\/product\/yoast-seo-wordpress\/ -->\n<title>Gizlilik S\u00f6zle\u015fmesi - bitcoingazete<\/title>\n<meta name=\"description\" content=\"bitcoin gazete %Gizlilik S\u00f6zle\u015fmesi % e-posta ve di\u011fer ki\u015fisel bilgiler, hi\u00e7bir i\u015f orta\u011f\u0131, \u015firket, kurumya da ba\u015fka bir kurulu\u015fla kullan\u0131c\u0131n\u0131n izni olmaks\u0131z\u0131n payla\u015f\u0131lmayacakt\u0131r.\" \/>\n<meta name=\"robots\" content=\"index, follow, max-snippet:-1, max-image-preview:large, max-video-preview:-1\" \/>\n<link rel=\"canonical\" href=\"https:\/\/bitcoingazete.com\/en\/gizlilik-sozlesmesi\/\" \/>\n<meta property=\"og:locale\" content=\"en_GB\" \/>\n<meta property=\"og:type\" content=\"article\" \/>\n<meta property=\"og:title\" content=\"Gizlilik S\u00f6zle\u015fmesi - bitcoingazete\" \/>\n<meta property=\"og:description\" content=\"bitcoin gazete %Gizlilik S\u00f6zle\u015fmesi % e-posta ve di\u011fer ki\u015fisel bilgiler, hi\u00e7bir i\u015f orta\u011f\u0131, \u015firket, kurumya da ba\u015fka bir kurulu\u015fla kullan\u0131c\u0131n\u0131n izni olmaks\u0131z\u0131n payla\u015f\u0131lmayacakt\u0131r.\" \/>\n<meta property=\"og:url\" content=\"https:\/\/bitcoingazete.com\/en\/gizlilik-sozlesmesi\/\" \/>\n<meta property=\"og:site_name\" content=\"bitcoingazete\" \/>\n<meta property=\"article:modified_time\" content=\"2021-07-23T12:29:44+00:00\" \/>\n<meta name=\"twitter:card\" content=\"summary_large_image\" \/>\n<meta name=\"twitter:site\" content=\"@admin\" \/>\n<meta name=\"twitter:label1\" content=\"Estimated reading time\" \/>\n\t<meta name=\"twitter:data1\" content=\"3 minutes\" \/>\n<script type=\"application\/ld+json\" class=\"yoast-schema-graph\">{\"@context\":\"https:\\\/\\\/schema.org\",\"@graph\":[{\"@type\":\"WebPage\",\"@id\":\"https:\\\/\\\/bitcoingazete.com\\\/gizlilik-sozlesmesi\\\/\",\"url\":\"https:\\\/\\\/bitcoingazete.com\\\/gizlilik-sozlesmesi\\\/\",\"name\":\"Gizlilik S\u00f6zle\u015fmesi - bitcoingazete\",\"isPartOf\":{\"@id\":\"https:\\\/\\\/bitcoingazete.com\\\/#website\"},\"datePublished\":\"2021-06-10T22:31:44+00:00\",\"dateModified\":\"2021-07-23T12:29:44+00:00\",\"description\":\"bitcoin gazete %Gizlilik S\u00f6zle\u015fmesi % e-posta ve di\u011fer ki\u015fisel bilgiler, hi\u00e7bir i\u015f orta\u011f\u0131, \u015firket, kurumya da ba\u015fka bir kurulu\u015fla kullan\u0131c\u0131n\u0131n izni olmaks\u0131z\u0131n payla\u015f\u0131lmayacakt\u0131r.\",\"breadcrumb\":{\"@id\":\"https:\\\/\\\/bitcoingazete.com\\\/gizlilik-sozlesmesi\\\/#breadcrumb\"},\"inLanguage\":\"en-GB\",\"potentialAction\":[{\"@type\":\"ReadAction\",\"target\":[\"https:\\\/\\\/bitcoingazete.com\\\/gizlilik-sozlesmesi\\\/\"]}]},{\"@type\":\"BreadcrumbList\",\"@id\":\"https:\\\/\\\/bitcoingazete.com\\\/gizlilik-sozlesmesi\\\/#breadcrumb\",\"itemListElement\":[{\"@type\":\"ListItem\",\"position\":1,\"name\":\"Home\",\"item\":\"https:\\\/\\\/bitcoingazete.com\\\/\"},{\"@type\":\"ListItem\",\"position\":2,\"name\":\"Gizlilik S\u00f6zle\u015fmesi\"}]},{\"@type\":\"WebSite\",\"@id\":\"https:\\\/\\\/bitcoingazete.com\\\/#website\",\"url\":\"https:\\\/\\\/bitcoingazete.com\\\/\",\"name\":\"bitcoingazete\",\"description\":\"bitcoingazete\",\"publisher\":{\"@id\":\"https:\\\/\\\/bitcoingazete.com\\\/#\\\/schema\\\/person\\\/c0a424e64fb9018954d8deb9db9353a3\"},\"potentialAction\":[{\"@type\":\"SearchAction\",\"target\":{\"@type\":\"EntryPoint\",\"urlTemplate\":\"https:\\\/\\\/bitcoingazete.com\\\/?s={search_term_string}\"},\"query-input\":{\"@type\":\"PropertyValueSpecification\",\"valueRequired\":true,\"valueName\":\"search_term_string\"}}],\"inLanguage\":\"en-GB\"},{\"@type\":[\"Person\",\"Organization\"],\"@id\":\"https:\\\/\\\/bitcoingazete.com\\\/#\\\/schema\\\/person\\\/c0a424e64fb9018954d8deb9db9353a3\",\"name\":\"Bitcoingazete\",\"image\":{\"@type\":\"ImageObject\",\"inLanguage\":\"en-GB\",\"@id\":\"https:\\\/\\\/secure.gravatar.com\\\/avatar\\\/45aa7db6007ede6bc0bc4c5af22a8653a35099f44bd51060a992214d2cfeff92?s=96&d=mm&r=g\",\"url\":\"https:\\\/\\\/secure.gravatar.com\\\/avatar\\\/45aa7db6007ede6bc0bc4c5af22a8653a35099f44bd51060a992214d2cfeff92?s=96&d=mm&r=g\",\"contentUrl\":\"https:\\\/\\\/secure.gravatar.com\\\/avatar\\\/45aa7db6007ede6bc0bc4c5af22a8653a35099f44bd51060a992214d2cfeff92?s=96&d=mm&r=g\",\"caption\":\"Bitcoingazete\"},\"logo\":{\"@id\":\"https:\\\/\\\/secure.gravatar.com\\\/avatar\\\/45aa7db6007ede6bc0bc4c5af22a8653a35099f44bd51060a992214d2cfeff92?s=96&d=mm&r=g\"},\"description\":\"BITCOIN &amp; BLOCKCHAIN Sekt\u00f6r\u00fcnde 2015 y\u0131l\u0131 itibari ile uzman kadrosu ile hizmet vermekteyiz. Amac\u0131m\u0131z do\u011fru ve g\u00fcncel BITCOIN Haberlerini g\u00fcnl\u00fck iletmektir.\",\"sameAs\":[\"https:\\\/\\\/x.com\\\/admin\"]}]}<\/script>\n<!-- \/ Yoast SEO plugin. -->","yoast_head_json":{"title":"Gizlilik S\u00f6zle\u015fmesi - bitcoingazete","description":"bitcoin gazete %Gizlilik S\u00f6zle\u015fmesi % e-posta ve di\u011fer ki\u015fisel bilgiler, hi\u00e7bir i\u015f orta\u011f\u0131, \u015firket, kurumya da ba\u015fka bir kurulu\u015fla kullan\u0131c\u0131n\u0131n izni olmaks\u0131z\u0131n payla\u015f\u0131lmayacakt\u0131r.","robots":{"index":"index","follow":"follow","max-snippet":"max-snippet:-1","max-image-preview":"max-image-preview:large","max-video-preview":"max-video-preview:-1"},"canonical":"https:\/\/bitcoingazete.com\/en\/gizlilik-sozlesmesi\/","og_locale":"en_GB","og_type":"article","og_title":"Gizlilik S\u00f6zle\u015fmesi - bitcoingazete","og_description":"bitcoin gazete %Gizlilik S\u00f6zle\u015fmesi % e-posta ve di\u011fer ki\u015fisel bilgiler, hi\u00e7bir i\u015f orta\u011f\u0131, \u015firket, kurumya da ba\u015fka bir kurulu\u015fla kullan\u0131c\u0131n\u0131n izni olmaks\u0131z\u0131n payla\u015f\u0131lmayacakt\u0131r.","og_url":"https:\/\/bitcoingazete.com\/en\/gizlilik-sozlesmesi\/","og_site_name":"bitcoingazete","article_modified_time":"2021-07-23T12:29:44+00:00","twitter_card":"summary_large_image","twitter_site":"@admin","twitter_misc":{"Estimated reading time":"3 minutes"},"schema":{"@context":"https:\/\/schema.org","@graph":[{"@type":"WebPage","@id":"https:\/\/bitcoingazete.com\/gizlilik-sozlesmesi\/","url":"https:\/\/bitcoingazete.com\/gizlilik-sozlesmesi\/","name":"Gizlilik S\u00f6zle\u015fmesi - bitcoingazete","isPartOf":{"@id":"https:\/\/bitcoingazete.com\/#website"},"datePublished":"2021-06-10T22:31:44+00:00","dateModified":"2021-07-23T12:29:44+00:00","description":"bitcoin gazete %Gizlilik S\u00f6zle\u015fmesi % e-posta ve di\u011fer ki\u015fisel bilgiler, hi\u00e7bir i\u015f orta\u011f\u0131, \u015firket, kurumya da ba\u015fka bir kurulu\u015fla kullan\u0131c\u0131n\u0131n izni olmaks\u0131z\u0131n payla\u015f\u0131lmayacakt\u0131r.","breadcrumb":{"@id":"https:\/\/bitcoingazete.com\/gizlilik-sozlesmesi\/#breadcrumb"},"inLanguage":"en-GB","potentialAction":[{"@type":"ReadAction","target":["https:\/\/bitcoingazete.com\/gizlilik-sozlesmesi\/"]}]},{"@type":"BreadcrumbList","@id":"https:\/\/bitcoingazete.com\/gizlilik-sozlesmesi\/#breadcrumb","itemListElement":[{"@type":"ListItem","position":1,"name":"Home","item":"https:\/\/bitcoingazete.com\/"},{"@type":"ListItem","position":2,"name":"Gizlilik S\u00f6zle\u015fmesi"}]},{"@type":"WebSite","@id":"https:\/\/bitcoingazete.com\/#website","url":"https:\/\/bitcoingazete.com\/","name":"bitcoingazete","description":"bitcoingazete","publisher":{"@id":"https:\/\/bitcoingazete.com\/#\/schema\/person\/c0a424e64fb9018954d8deb9db9353a3"},"potentialAction":[{"@type":"SearchAction","target":{"@type":"EntryPoint","urlTemplate":"https:\/\/bitcoingazete.com\/?s={search_term_string}"},"query-input":{"@type":"PropertyValueSpecification","valueRequired":true,"valueName":"search_term_string"}}],"inLanguage":"en-GB"},{"@type":["Person","Organization"],"@id":"https:\/\/bitcoingazete.com\/#\/schema\/person\/c0a424e64fb9018954d8deb9db9353a3","name":"Bitcoingazete","image":{"@type":"ImageObject","inLanguage":"en-GB","@id":"https:\/\/secure.gravatar.com\/avatar\/45aa7db6007ede6bc0bc4c5af22a8653a35099f44bd51060a992214d2cfeff92?s=96&d=mm&r=g","url":"https:\/\/secure.gravatar.com\/avatar\/45aa7db6007ede6bc0bc4c5af22a8653a35099f44bd51060a992214d2cfeff92?s=96&d=mm&r=g","contentUrl":"https:\/\/secure.gravatar.com\/avatar\/45aa7db6007ede6bc0bc4c5af22a8653a35099f44bd51060a992214d2cfeff92?s=96&d=mm&r=g","caption":"Bitcoingazete"},"logo":{"@id":"https:\/\/secure.gravatar.com\/avatar\/45aa7db6007ede6bc0bc4c5af22a8653a35099f44bd51060a992214d2cfeff92?s=96&d=mm&r=g"},"description":"BITCOIN &amp; BLOCKCHAIN Sekt\u00f6r\u00fcnde 2015 y\u0131l\u0131 itibari ile uzman kadrosu ile hizmet vermekteyiz. Amac\u0131m\u0131z do\u011fru ve g\u00fcncel BITCOIN Haberlerini g\u00fcnl\u00fck iletmektir.","sameAs":["https:\/\/x.com\/admin"]}]}},"jetpack_sharing_enabled":true,"amp_enabled":true,"_links":{"self":[{"href":"https:\/\/bitcoingazete.com\/en\/wp-json\/wp\/v2\/pages\/997","targetHints":{"allow":["GET"]}}],"collection":[{"href":"https:\/\/bitcoingazete.com\/en\/wp-json\/wp\/v2\/pages"}],"about":[{"href":"https:\/\/bitcoingazete.com\/en\/wp-json\/wp\/v2\/types\/page"}],"author":[{"embeddable":true,"href":"https:\/\/bitcoingazete.com\/en\/wp-json\/wp\/v2\/users\/1"}],"replies":[{"embeddable":true,"href":"https:\/\/bitcoingazete.com\/en\/wp-json\/wp\/v2\/comments?post=997"}],"version-history":[{"count":1,"href":"https:\/\/bitcoingazete.com\/en\/wp-json\/wp\/v2\/pages\/997\/revisions"}],"predecessor-version":[{"id":998,"href":"https:\/\/bitcoingazete.com\/en\/wp-json\/wp\/v2\/pages\/997\/revisions\/998"}],"wp:attachment":[{"href":"https:\/\/bitcoingazete.com\/en\/wp-json\/wp\/v2\/media?parent=997"}],"curies":[{"name":"wp","href":"https:\/\/api.w.org\/{rel}","templated":true}]}}