{"id":596,"date":"2021-06-05T17:24:55","date_gmt":"2021-06-05T17:24:55","guid":{"rendered":"https:\/\/bitcoingazete.com\/?page_id=596"},"modified":"2021-07-23T15:37:07","modified_gmt":"2021-07-23T12:37:07","slug":"kripto-madencilik-hesap-makinesi","status":"publish","type":"page","link":"https:\/\/bitcoingazete.com\/en\/kripto-madencilik-hesap-makinesi\/","title":{"rendered":"Madencilik Hesap Makinesi"},"content":{"rendered":"<p>Kolay Kullan\u0131ml\u0131 Kirpto Madecilik Hesap Makinesi<\/p>\n\n\n\n<div class=\"wp-block-columns is-layout-flex wp-container-core-columns-is-layout-9d6595d7 wp-block-columns-is-layout-flex\">\n<div class=\"wp-block-column is-layout-flow wp-block-column-is-layout-flow\">\n<!-- CryptoRival Calculator Widget BEGIN -->\n<script type=\"text\/javascript\" src=\"https:\/\/static.cryptorival.com\/js\/calcwidget.js\"><\/script>\n<a id=\"cr-copyright\" href=\"https:\/\/cryptorival.com\/\" target=\"_blank\" rel=\"nofollow noopener\">Powered by CryptoRival<\/a>\n<script type=\"text\/javascript\">\nshowCalc('bitcoin', '500', false, '0', 'f93', 'f93', 'f93', '4e9f15', '09c', 'f0ad4e', 'd9534f', 'f5f5f5', 'eee');\n<\/script>\n<!-- CryptoRival Calculator Widget END -->\n<\/div>\n\n\n\n<div class=\"wp-block-column is-layout-flow wp-block-column-is-layout-flow\">\n<!-- CryptoRival Calculator Widget BEGIN -->\n<script type=\"text\/javascript\" src=\"https:\/\/static.cryptorival.com\/js\/calcwidget.js\"><\/script>\n<a id=\"cr-copyright\" href=\"https:\/\/cryptorival.com\/\" target=\"_blank\" rel=\"nofollow noopener\">Powered by CryptoRival<\/a>\n<script type=\"text\/javascript\">\nshowCalc('ethereum', '500', false, '0', 'f93', 'f93', 'f93', '4e9f15', '09c', 'f0ad4e', 'd9534f', 'f5f5f5', 'eee');\n<\/script>\n<!-- CryptoRival Calculator Widget END -->\n<\/div>\n<\/div>\n\n\n\n<div class=\"wp-block-columns is-layout-flex wp-container-core-columns-is-layout-9d6595d7 wp-block-columns-is-layout-flex\">\n<div class=\"wp-block-column is-layout-flow wp-block-column-is-layout-flow\">\n<!-- CryptoRival Calculator Widget BEGIN -->\n<script type=\"text\/javascript\" src=\"https:\/\/static.cryptorival.com\/js\/calcwidget.js\"><\/script>\n<a id=\"cr-copyright\" href=\"https:\/\/cryptorival.com\/\" target=\"_blank\" rel=\"nofollow noopener\">Powered by CryptoRival<\/a>\n<script type=\"text\/javascript\">\nshowCalc('doge', '500', false, '0', 'f93', 'f93', 'f93', '4e9f15', '09c', 'f0ad4e', 'd9534f', 'f5f5f5', 'eee');\n<\/script>\n<!-- CryptoRival Calculator Widget END -->\n<\/div>\n\n\n\n<div class=\"wp-block-column is-layout-flow wp-block-column-is-layout-flow\">\n<!-- CryptoRival Calculator Widget BEGIN -->\n<script type=\"text\/javascript\" src=\"https:\/\/static.cryptorival.com\/js\/calcwidget.js\"><\/script>\n<a id=\"cr-copyright\" href=\"https:\/\/cryptorival.com\/\" target=\"_blank\" rel=\"nofollow noopener\">Powered by CryptoRival<\/a>\n<script type=\"text\/javascript\">\nshowCalc('bitcoincash', '500', false, '0', 'f93', 'f93', 'f93', '4e9f15', '09c', 'f0ad4e', 'd9534f', 'f5f5f5', 'eee');\n<\/script>\n<!-- CryptoRival Calculator Widget END -->\n<\/div>\n<\/div>\n\n\n\n<div class=\"wp-block-columns is-layout-flex wp-container-core-columns-is-layout-9d6595d7 wp-block-columns-is-layout-flex\">\n<div class=\"wp-block-column is-layout-flow wp-block-column-is-layout-flow\">\n<!-- CryptoRival Calculator Widget BEGIN -->\n<script type=\"text\/javascript\" src=\"https:\/\/static.cryptorival.com\/js\/calcwidget.js\"><\/script>\n<a id=\"cr-copyright\" href=\"https:\/\/cryptorival.com\/\" target=\"_blank\" rel=\"nofollow noopener\">Powered by CryptoRival<\/a>\n<script type=\"text\/javascript\">\nshowCalc('litecoin', '500', false, '0', 'f93', 'f93', 'f93', '4e9f15', '09c', 'f0ad4e', 'd9534f', 'f5f5f5', 'eee');\n<\/script>\n<!-- CryptoRival Calculator Widget END -->\n<\/div>\n\n\n\n<div class=\"wp-block-column is-layout-flow wp-block-column-is-layout-flow\">\n<!-- CryptoRival Calculator Widget BEGIN -->\n<script type=\"text\/javascript\" src=\"https:\/\/static.cryptorival.com\/js\/calcwidget.js\"><\/script>\n<a id=\"cr-copyright\" href=\"https:\/\/cryptorival.com\/\" target=\"_blank\" rel=\"nofollow noopener\">Powered by CryptoRival<\/a>\n<script type=\"text\/javascript\">\nshowCalc('ethereumclassic', '500', false, '0', 'f93', 'f93', 'f93', '4e9f15', '09c', 'f0ad4e', 'd9534f', 'f5f5f5', 'eee');\n<\/script>\n<!-- CryptoRival Calculator Widget END -->\n<\/div>\n<\/div>\n\n\n\n<div class=\"wp-block-columns is-layout-flex wp-container-core-columns-is-layout-9d6595d7 wp-block-columns-is-layout-flex\">\n<div class=\"wp-block-column is-layout-flow wp-block-column-is-layout-flow\">\n<!-- CryptoRival Calculator Widget BEGIN -->\n<script type=\"text\/javascript\" src=\"https:\/\/static.cryptorival.com\/js\/calcwidget.js\"><\/script>\n<a id=\"cr-copyright\" href=\"https:\/\/cryptorival.com\/\" target=\"_blank\" rel=\"nofollow noopener\">Powered by CryptoRival<\/a>\n<script type=\"text\/javascript\">\nshowCalc('monero', '500', false, '0', 'f93', 'f93', 'f93', '4e9f15', '09c', 'f0ad4e', 'd9534f', 'f5f5f5', 'eee');\n<\/script>\n<!-- CryptoRival Calculator Widget END -->\n<\/div>\n\n\n\n<div class=\"wp-block-column is-layout-flow wp-block-column-is-layout-flow\">\n<!-- CryptoRival Calculator Widget BEGIN -->\n<script type=\"text\/javascript\" src=\"https:\/\/static.cryptorival.com\/js\/calcwidget.js\"><\/script>\n<a id=\"cr-copyright\" href=\"https:\/\/cryptorival.com\/\" target=\"_blank\" rel=\"nofollow noopener\">Powered by CryptoRival<\/a>\n<script type=\"text\/javascript\">\nshowCalc('dash', '500', false, '0', 'f93', 'f93', 'f93', '4e9f15', '09c', 'f0ad4e', 'd9534f', 'f5f5f5', 'eee');\n<\/script>\n<!-- CryptoRival Calculator Widget END -->\n<\/div>\n<\/div>","protected":false},"excerpt":{"rendered":"<p>Kolay Kullan\u0131ml\u0131 Kirpto Madecilik Hesap Makinesi Powered by CryptoRival Powered by CryptoRival Powered by CryptoRival Powered by CryptoRival Powered by&#46;&#46;&#46;<\/p>","protected":false},"author":1,"featured_media":0,"parent":0,"menu_order":0,"comment_status":"closed","ping_status":"closed","template":"","meta":{"nf_dc_page":"","_monsterinsights_skip_tracking":false,"_monsterinsights_sitenote_active":false,"_monsterinsights_sitenote_note":"","_monsterinsights_sitenote_category":0,"footnotes":""},"class_list":["post-596","page","type-page","status-publish","hentry"],"yoast_head":"<!-- This site is optimized with the Yoast SEO plugin v27.4 - https:\/\/yoast.com\/product\/yoast-seo-wordpress\/ -->\n<title>Madencilik Hesap Makinesi - bitcoingazete<\/title>\n<meta name=\"description\" content=\"Madencilik Hesap Makinesi %bitcoingazete.com %Kolay Kullan\u0131ml\u0131 Kirpto Madecilik Hesap Makinesi\" \/>\n<meta name=\"robots\" content=\"index, follow, max-snippet:-1, max-image-preview:large, max-video-preview:-1\" \/>\n<link rel=\"canonical\" href=\"https:\/\/bitcoingazete.com\/en\/kripto-madencilik-hesap-makinesi\/\" \/>\n<meta property=\"og:locale\" content=\"en_GB\" \/>\n<meta property=\"og:type\" content=\"article\" \/>\n<meta property=\"og:title\" content=\"Madencilik Hesap Makinesi - bitcoingazete\" \/>\n<meta property=\"og:description\" content=\"Madencilik Hesap Makinesi %bitcoingazete.com %Kolay Kullan\u0131ml\u0131 Kirpto Madecilik Hesap Makinesi\" \/>\n<meta property=\"og:url\" content=\"https:\/\/bitcoingazete.com\/en\/kripto-madencilik-hesap-makinesi\/\" \/>\n<meta property=\"og:site_name\" content=\"bitcoingazete\" \/>\n<meta property=\"article:modified_time\" content=\"2021-07-23T12:37:07+00:00\" \/>\n<meta name=\"twitter:card\" content=\"summary_large_image\" \/>\n<meta name=\"twitter:site\" content=\"@admin\" \/>\n<meta name=\"twitter:label1\" content=\"Estimated reading time\" \/>\n\t<meta name=\"twitter:data1\" content=\"1 minute\" \/>\n<script type=\"application\/ld+json\" class=\"yoast-schema-graph\">{\"@context\":\"https:\\\/\\\/schema.org\",\"@graph\":[{\"@type\":\"WebPage\",\"@id\":\"https:\\\/\\\/bitcoingazete.com\\\/kripto-madencilik-hesap-makinesi\\\/\",\"url\":\"https:\\\/\\\/bitcoingazete.com\\\/kripto-madencilik-hesap-makinesi\\\/\",\"name\":\"Madencilik Hesap Makinesi - bitcoingazete\",\"isPartOf\":{\"@id\":\"https:\\\/\\\/bitcoingazete.com\\\/#website\"},\"datePublished\":\"2021-06-05T17:24:55+00:00\",\"dateModified\":\"2021-07-23T12:37:07+00:00\",\"description\":\"Madencilik Hesap Makinesi %bitcoingazete.com %Kolay Kullan\u0131ml\u0131 Kirpto Madecilik Hesap Makinesi\",\"breadcrumb\":{\"@id\":\"https:\\\/\\\/bitcoingazete.com\\\/kripto-madencilik-hesap-makinesi\\\/#breadcrumb\"},\"inLanguage\":\"en-GB\",\"potentialAction\":[{\"@type\":\"ReadAction\",\"target\":[\"https:\\\/\\\/bitcoingazete.com\\\/kripto-madencilik-hesap-makinesi\\\/\"]}]},{\"@type\":\"BreadcrumbList\",\"@id\":\"https:\\\/\\\/bitcoingazete.com\\\/kripto-madencilik-hesap-makinesi\\\/#breadcrumb\",\"itemListElement\":[{\"@type\":\"ListItem\",\"position\":1,\"name\":\"Home\",\"item\":\"https:\\\/\\\/bitcoingazete.com\\\/\"},{\"@type\":\"ListItem\",\"position\":2,\"name\":\"Madencilik Hesap Makinesi\"}]},{\"@type\":\"WebSite\",\"@id\":\"https:\\\/\\\/bitcoingazete.com\\\/#website\",\"url\":\"https:\\\/\\\/bitcoingazete.com\\\/\",\"name\":\"bitcoingazete\",\"description\":\"bitcoingazete\",\"publisher\":{\"@id\":\"https:\\\/\\\/bitcoingazete.com\\\/#\\\/schema\\\/person\\\/c0a424e64fb9018954d8deb9db9353a3\"},\"potentialAction\":[{\"@type\":\"SearchAction\",\"target\":{\"@type\":\"EntryPoint\",\"urlTemplate\":\"https:\\\/\\\/bitcoingazete.com\\\/?s={search_term_string}\"},\"query-input\":{\"@type\":\"PropertyValueSpecification\",\"valueRequired\":true,\"valueName\":\"search_term_string\"}}],\"inLanguage\":\"en-GB\"},{\"@type\":[\"Person\",\"Organization\"],\"@id\":\"https:\\\/\\\/bitcoingazete.com\\\/#\\\/schema\\\/person\\\/c0a424e64fb9018954d8deb9db9353a3\",\"name\":\"Bitcoingazete\",\"image\":{\"@type\":\"ImageObject\",\"inLanguage\":\"en-GB\",\"@id\":\"https:\\\/\\\/secure.gravatar.com\\\/avatar\\\/45aa7db6007ede6bc0bc4c5af22a8653a35099f44bd51060a992214d2cfeff92?s=96&d=mm&r=g\",\"url\":\"https:\\\/\\\/secure.gravatar.com\\\/avatar\\\/45aa7db6007ede6bc0bc4c5af22a8653a35099f44bd51060a992214d2cfeff92?s=96&d=mm&r=g\",\"contentUrl\":\"https:\\\/\\\/secure.gravatar.com\\\/avatar\\\/45aa7db6007ede6bc0bc4c5af22a8653a35099f44bd51060a992214d2cfeff92?s=96&d=mm&r=g\",\"caption\":\"Bitcoingazete\"},\"logo\":{\"@id\":\"https:\\\/\\\/secure.gravatar.com\\\/avatar\\\/45aa7db6007ede6bc0bc4c5af22a8653a35099f44bd51060a992214d2cfeff92?s=96&d=mm&r=g\"},\"description\":\"BITCOIN &amp; BLOCKCHAIN Sekt\u00f6r\u00fcnde 2015 y\u0131l\u0131 itibari ile uzman kadrosu ile hizmet vermekteyiz. Amac\u0131m\u0131z do\u011fru ve g\u00fcncel BITCOIN Haberlerini g\u00fcnl\u00fck iletmektir.\",\"sameAs\":[\"https:\\\/\\\/x.com\\\/admin\"]}]}<\/script>\n<!-- \/ Yoast SEO plugin. -->","yoast_head_json":{"title":"Madencilik Hesap Makinesi - bitcoingazete","description":"Madencilik Hesap Makinesi %bitcoingazete.com %Kolay Kullan\u0131ml\u0131 Kirpto Madecilik Hesap Makinesi","robots":{"index":"index","follow":"follow","max-snippet":"max-snippet:-1","max-image-preview":"max-image-preview:large","max-video-preview":"max-video-preview:-1"},"canonical":"https:\/\/bitcoingazete.com\/en\/kripto-madencilik-hesap-makinesi\/","og_locale":"en_GB","og_type":"article","og_title":"Madencilik Hesap Makinesi - bitcoingazete","og_description":"Madencilik Hesap Makinesi %bitcoingazete.com %Kolay Kullan\u0131ml\u0131 Kirpto Madecilik Hesap Makinesi","og_url":"https:\/\/bitcoingazete.com\/en\/kripto-madencilik-hesap-makinesi\/","og_site_name":"bitcoingazete","article_modified_time":"2021-07-23T12:37:07+00:00","twitter_card":"summary_large_image","twitter_site":"@admin","twitter_misc":{"Estimated reading time":"1 minute"},"schema":{"@context":"https:\/\/schema.org","@graph":[{"@type":"WebPage","@id":"https:\/\/bitcoingazete.com\/kripto-madencilik-hesap-makinesi\/","url":"https:\/\/bitcoingazete.com\/kripto-madencilik-hesap-makinesi\/","name":"Madencilik Hesap Makinesi - bitcoingazete","isPartOf":{"@id":"https:\/\/bitcoingazete.com\/#website"},"datePublished":"2021-06-05T17:24:55+00:00","dateModified":"2021-07-23T12:37:07+00:00","description":"Madencilik Hesap Makinesi %bitcoingazete.com %Kolay Kullan\u0131ml\u0131 Kirpto Madecilik Hesap Makinesi","breadcrumb":{"@id":"https:\/\/bitcoingazete.com\/kripto-madencilik-hesap-makinesi\/#breadcrumb"},"inLanguage":"en-GB","potentialAction":[{"@type":"ReadAction","target":["https:\/\/bitcoingazete.com\/kripto-madencilik-hesap-makinesi\/"]}]},{"@type":"BreadcrumbList","@id":"https:\/\/bitcoingazete.com\/kripto-madencilik-hesap-makinesi\/#breadcrumb","itemListElement":[{"@type":"ListItem","position":1,"name":"Home","item":"https:\/\/bitcoingazete.com\/"},{"@type":"ListItem","position":2,"name":"Madencilik Hesap Makinesi"}]},{"@type":"WebSite","@id":"https:\/\/bitcoingazete.com\/#website","url":"https:\/\/bitcoingazete.com\/","name":"bitcoingazete","description":"bitcoingazete","publisher":{"@id":"https:\/\/bitcoingazete.com\/#\/schema\/person\/c0a424e64fb9018954d8deb9db9353a3"},"potentialAction":[{"@type":"SearchAction","target":{"@type":"EntryPoint","urlTemplate":"https:\/\/bitcoingazete.com\/?s={search_term_string}"},"query-input":{"@type":"PropertyValueSpecification","valueRequired":true,"valueName":"search_term_string"}}],"inLanguage":"en-GB"},{"@type":["Person","Organization"],"@id":"https:\/\/bitcoingazete.com\/#\/schema\/person\/c0a424e64fb9018954d8deb9db9353a3","name":"Bitcoingazete","image":{"@type":"ImageObject","inLanguage":"en-GB","@id":"https:\/\/secure.gravatar.com\/avatar\/45aa7db6007ede6bc0bc4c5af22a8653a35099f44bd51060a992214d2cfeff92?s=96&d=mm&r=g","url":"https:\/\/secure.gravatar.com\/avatar\/45aa7db6007ede6bc0bc4c5af22a8653a35099f44bd51060a992214d2cfeff92?s=96&d=mm&r=g","contentUrl":"https:\/\/secure.gravatar.com\/avatar\/45aa7db6007ede6bc0bc4c5af22a8653a35099f44bd51060a992214d2cfeff92?s=96&d=mm&r=g","caption":"Bitcoingazete"},"logo":{"@id":"https:\/\/secure.gravatar.com\/avatar\/45aa7db6007ede6bc0bc4c5af22a8653a35099f44bd51060a992214d2cfeff92?s=96&d=mm&r=g"},"description":"BITCOIN &amp; BLOCKCHAIN Sekt\u00f6r\u00fcnde 2015 y\u0131l\u0131 itibari ile uzman kadrosu ile hizmet vermekteyiz. Amac\u0131m\u0131z do\u011fru ve g\u00fcncel BITCOIN Haberlerini g\u00fcnl\u00fck iletmektir.","sameAs":["https:\/\/x.com\/admin"]}]}},"jetpack_sharing_enabled":true,"amp_enabled":true,"_links":{"self":[{"href":"https:\/\/bitcoingazete.com\/en\/wp-json\/wp\/v2\/pages\/596","targetHints":{"allow":["GET"]}}],"collection":[{"href":"https:\/\/bitcoingazete.com\/en\/wp-json\/wp\/v2\/pages"}],"about":[{"href":"https:\/\/bitcoingazete.com\/en\/wp-json\/wp\/v2\/types\/page"}],"author":[{"embeddable":true,"href":"https:\/\/bitcoingazete.com\/en\/wp-json\/wp\/v2\/users\/1"}],"replies":[{"embeddable":true,"href":"https:\/\/bitcoingazete.com\/en\/wp-json\/wp\/v2\/comments?post=596"}],"version-history":[{"count":5,"href":"https:\/\/bitcoingazete.com\/en\/wp-json\/wp\/v2\/pages\/596\/revisions"}],"predecessor-version":[{"id":636,"href":"https:\/\/bitcoingazete.com\/en\/wp-json\/wp\/v2\/pages\/596\/revisions\/636"}],"wp:attachment":[{"href":"https:\/\/bitcoingazete.com\/en\/wp-json\/wp\/v2\/media?parent=596"}],"curies":[{"name":"wp","href":"https:\/\/api.w.org\/{rel}","templated":true}]}}